{"id":14,"date":"2019-11-26T21:36:15","date_gmt":"2019-11-26T23:36:15","guid":{"rendered":"https:\/\/villageiguassu.com.br\/site\/?page_id=14"},"modified":"2020-09-14T18:38:11","modified_gmt":"2020-09-14T21:38:11","slug":"estrutura","status":"publish","type":"page","link":"https:\/\/villageiguassu.com.br\/en\/estrutura\/","title":{"rendered":"STRUCTURE"},"content":{"rendered":"<div data-elementor-type=\"wp-page\" data-elementor-id=\"14\" class=\"elementor elementor-14\" data-elementor-post-type=\"page\">\n\t\t\t\t\t\t<section class=\"elementor-section elementor-top-section elementor-element elementor-element-ed26afc elementor-section-boxed elementor-section-height-default elementor-section-height-default elementor-invisible\" data-id=\"ed26afc\" data-element_type=\"section\" data-settings=\"{&quot;animation&quot;:&quot;fadeInDown&quot;}\">\n\t\t\t\t\t\t<div class=\"elementor-container elementor-column-gap-default\">\n\t\t\t\t\t<div class=\"elementor-column elementor-col-100 elementor-top-column elementor-element elementor-element-679e35be\" data-id=\"679e35be\" data-element_type=\"column\">\n\t\t\t<div class=\"elementor-widget-wrap elementor-element-populated\">\n\t\t\t\t\t\t<div class=\"elementor-element elementor-element-537f72e elementor-widget elementor-widget-text-editor\" data-id=\"537f72e\" data-element_type=\"widget\" data-widget_type=\"text-editor.default\">\n\t\t\t\t<div class=\"elementor-widget-container\">\n\t\t\t\t\t\t\t\t\t<p>You'll be able to say that you're going to live in the first and only condominium on the golf course in Foz do Igua\u00e7u. A lush vista designed by renowned American architect Erik Larsen.<\/p>\t\t\t\t\t\t\t\t<\/div>\n\t\t\t\t<\/div>\n\t\t\t\t\t<\/div>\n\t\t<\/div>\n\t\t\t\t\t<\/div>\n\t\t<\/section>\n\t\t\t\t<section class=\"elementor-section elementor-top-section elementor-element elementor-element-4998bb01 elementor-section-boxed elementor-section-height-default elementor-section-height-default elementor-invisible\" data-id=\"4998bb01\" data-element_type=\"section\" data-settings=\"{&quot;background_background&quot;:&quot;classic&quot;,&quot;animation&quot;:&quot;fadeInDown&quot;}\">\n\t\t\t\t\t\t<div class=\"elementor-container elementor-column-gap-default\">\n\t\t\t\t\t<div class=\"elementor-column elementor-col-50 elementor-top-column elementor-element elementor-element-520ddb11\" data-id=\"520ddb11\" data-element_type=\"column\">\n\t\t\t<div class=\"elementor-widget-wrap elementor-element-populated\">\n\t\t\t\t\t\t<div class=\"elementor-element elementor-element-6a6fa553 elementor-invisible elementor-widget elementor-widget-heading\" data-id=\"6a6fa553\" data-element_type=\"widget\" data-settings=\"{&quot;_animation&quot;:&quot;fadeInLeft&quot;}\" data-widget_type=\"heading.default\">\n\t\t\t\t<div class=\"elementor-widget-container\">\n\t\t\t\t\t<h1 class=\"elementor-heading-title elementor-size-default\">Structure<\/h1>\t\t\t\t<\/div>\n\t\t\t\t<\/div>\n\t\t\t\t<div class=\"elementor-element elementor-element-3d50f756 elementor-widget-divider--view-line elementor-invisible elementor-widget elementor-widget-divider\" data-id=\"3d50f756\" data-element_type=\"widget\" data-settings=\"{&quot;_animation&quot;:&quot;fadeInDown&quot;}\" data-widget_type=\"divider.default\">\n\t\t\t\t<div class=\"elementor-widget-container\">\n\t\t\t\t\t\t\t<div class=\"elementor-divider\">\n\t\t\t<span class=\"elementor-divider-separator\">\n\t\t\t\t\t\t<\/span>\n\t\t<\/div>\n\t\t\t\t\t\t<\/div>\n\t\t\t\t<\/div>\n\t\t\t\t<div class=\"elementor-element elementor-element-005b3ad elementor-widget elementor-widget-text-editor\" data-id=\"005b3ad\" data-element_type=\"widget\" data-widget_type=\"text-editor.default\">\n\t\t\t\t<div class=\"elementor-widget-container\">\n\t\t\t\t\t\t\t\t\t<ul><li>Armored entrance with beautiful gardens<\/li><li>Multi-sports court<\/li><li>Ballroom with Wine Cellar<\/li><li>Club House with Lounge<\/li><li>Massage room<\/li><li>Refined Gourmet Space<\/li><li>Games Room<\/li><li>Super Equipped Gym<\/li><li>Toy library<\/li><li>Playground<\/li><li>Complete Structure of Wish Resort Services available<\/li><\/ul>\t\t\t\t\t\t\t\t<\/div>\n\t\t\t\t<\/div>\n\t\t\t\t\t<\/div>\n\t\t<\/div>\n\t\t\t\t<div class=\"elementor-column elementor-col-50 elementor-top-column elementor-element elementor-element-488f88d1\" data-id=\"488f88d1\" data-element_type=\"column\">\n\t\t\t<div class=\"elementor-widget-wrap elementor-element-populated\">\n\t\t\t\t\t\t<div class=\"elementor-element elementor-element-66dfd0f elementor-widget elementor-widget-image\" data-id=\"66dfd0f\" data-element_type=\"widget\" data-widget_type=\"image.default\">\n\t\t\t\t<div class=\"elementor-widget-container\">\n\t\t\t\t\t\t\t\t\t\t\t\t\t\t\t<img fetchpriority=\"high\" decoding=\"async\" width=\"754\" height=\"763\" src=\"https:\/\/villageiguassu.com.br\/wp-content\/uploads\/2020\/02\/lazer.jpg\" class=\"attachment-large size-large wp-image-263\" alt=\"\" srcset=\"https:\/\/villageiguassu.com.br\/wp-content\/uploads\/2020\/02\/lazer.jpg 754w, https:\/\/villageiguassu.com.br\/wp-content\/uploads\/2020\/02\/lazer-296x300.jpg 296w\" sizes=\"(max-width: 754px) 100vw, 754px\" \/>\t\t\t\t\t\t\t\t\t\t\t\t\t\t\t<\/div>\n\t\t\t\t<\/div>\n\t\t\t\t<div class=\"elementor-element elementor-element-7ff6ffa elementor-align-center elementor-widget elementor-widget-button\" data-id=\"7ff6ffa\" data-element_type=\"widget\" data-widget_type=\"button.default\">\n\t\t\t\t<div class=\"elementor-widget-container\">\n\t\t\t\t\t\t\t\t\t<div class=\"elementor-button-wrapper\">\n\t\t\t\t\t<a class=\"elementor-button elementor-button-link elementor-size-lg elementor-animation-pulse-grow\" href=\"https:\/\/villageiguassu.com.br\/en\/site\/galeria\/\">\n\t\t\t\t\t\t<span class=\"elementor-button-content-wrapper\">\n\t\t\t\t\t\t\t\t\t<span class=\"elementor-button-text\">SEE GALLERY<\/span>\n\t\t\t\t\t<\/span>\n\t\t\t\t\t<\/a>\n\t\t\t\t<\/div>\n\t\t\t\t\t\t\t\t<\/div>\n\t\t\t\t<\/div>\n\t\t\t\t\t<\/div>\n\t\t<\/div>\n\t\t\t\t\t<\/div>\n\t\t<\/section>\n\t\t\t\t<section class=\"elementor-section elementor-top-section elementor-element elementor-element-552cb8a7 elementor-section-stretched elementor-section-boxed elementor-section-height-default elementor-section-height-default elementor-invisible\" data-id=\"552cb8a7\" data-element_type=\"section\" data-settings=\"{&quot;stretch_section&quot;:&quot;section-stretched&quot;,&quot;background_background&quot;:&quot;classic&quot;,&quot;shape_divider_top&quot;:&quot;opacity-tilt&quot;,&quot;animation&quot;:&quot;fadeInUp&quot;}\">\n\t\t\t\t\t\t\t<div class=\"elementor-background-overlay\"><\/div>\n\t\t\t\t\t\t<div class=\"elementor-shape elementor-shape-top\" aria-hidden=\"true\" data-negative=\"false\">\n\t\t\t<svg xmlns=\"http:\/\/www.w3.org\/2000\/svg\" viewbox=\"0 0 2600 131.1\" preserveaspectratio=\"none\">\n\t<path class=\"elementor-shape-fill\" d=\"M0 0L2600 0 2600 69.1 0 0z\"\/>\n\t<path class=\"elementor-shape-fill\" style=\"opacity:0.5\" d=\"M0 0L2600 0 2600 69.1 0 69.1z\"\/>\n\t<path class=\"elementor-shape-fill\" style=\"opacity:0.25\" d=\"M2600 0L0 0 0 130.1 2600 69.1z\"\/>\n<\/svg>\t\t<\/div>\n\t\t\t\t\t<div class=\"elementor-container elementor-column-gap-default\">\n\t\t\t\t\t<div class=\"elementor-column elementor-col-100 elementor-top-column elementor-element elementor-element-180bd97b\" data-id=\"180bd97b\" data-element_type=\"column\">\n\t\t\t<div class=\"elementor-widget-wrap elementor-element-populated\">\n\t\t\t\t\t\t<div class=\"elementor-element elementor-element-3a4888ab elementor-widget elementor-widget-text-editor\" data-id=\"3a4888ab\" data-element_type=\"widget\" data-widget_type=\"text-editor.default\">\n\t\t\t\t<div class=\"elementor-widget-container\">\n\t\t\t\t\t\t\t\t\t<p>COME SEE AND ENJOY!<\/p>\t\t\t\t\t\t\t\t<\/div>\n\t\t\t\t<\/div>\n\t\t\t\t<div class=\"elementor-element elementor-element-121b0331 elementor-align-center elementor-widget elementor-widget-button\" data-id=\"121b0331\" data-element_type=\"widget\" data-widget_type=\"button.default\">\n\t\t\t\t<div class=\"elementor-widget-container\">\n\t\t\t\t\t\t\t\t\t<div class=\"elementor-button-wrapper\">\n\t\t\t\t\t<a class=\"elementor-button elementor-button-link elementor-size-lg elementor-animation-pulse-grow\" href=\"https:\/\/villageiguassu.com.br\/en\/entre-em-contato\/\">\n\t\t\t\t\t\t<span class=\"elementor-button-content-wrapper\">\n\t\t\t\t\t\t\t\t\t<span class=\"elementor-button-text\">SCHEDULE A VISIT<\/span>\n\t\t\t\t\t<\/span>\n\t\t\t\t\t<\/a>\n\t\t\t\t<\/div>\n\t\t\t\t\t\t\t\t<\/div>\n\t\t\t\t<\/div>\n\t\t\t\t\t<\/div>\n\t\t<\/div>\n\t\t\t\t\t<\/div>\n\t\t<\/section>\n\t\t\t\t<\/div>","protected":false},"excerpt":{"rendered":"<p>Voc\u00ea vai poder dizer que vai morar no primeiro e \u00fanico condom\u00ednio em campo de golf de Foz do Igua\u00e7u. Uma vista exuberante projetada pelo renomado arquiteto americano Erik Larsen. Estrutura Portaria blindada com lindos jardins Quadra Poliesportiva Sal\u00e3o de Festas com Adega Club House com Lounge Sala de Massagem Refinado Espa\u00e7o Gourmet Sal\u00e3o de&hellip;<\/p>","protected":false},"author":1,"featured_media":0,"parent":0,"menu_order":0,"comment_status":"closed","ping_status":"closed","template":"","meta":{"_acf_changed":false,"footnotes":""},"class_list":["post-14","page","type-page","status-publish","hentry","entry","no-media"],"acf":[],"yoast_head":"<!-- This site is optimized with the Yoast SEO plugin v25.2 - https:\/\/yoast.com\/wordpress\/plugins\/seo\/ -->\n<title>ESTRUTURA - Village Iguassu<\/title>\n<meta name=\"robots\" content=\"index, follow, max-snippet:-1, max-image-preview:large, max-video-preview:-1\" \/>\n<link rel=\"canonical\" href=\"https:\/\/villageiguassu.com.br\/en\/estrutura\/\" \/>\n<meta property=\"og:locale\" content=\"en_US\" \/>\n<meta property=\"og:type\" content=\"article\" \/>\n<meta property=\"og:title\" content=\"ESTRUTURA - Village Iguassu\" \/>\n<meta property=\"og:description\" content=\"Voc\u00ea vai poder dizer que vai morar no primeiro e \u00fanico condom\u00ednio em campo de golf de Foz do Igua\u00e7u. Uma vista exuberante projetada pelo renomado arquiteto americano Erik Larsen. Estrutura Portaria blindada com lindos jardins Quadra Poliesportiva Sal\u00e3o de Festas com Adega Club House com Lounge Sala de Massagem Refinado Espa\u00e7o Gourmet Sal\u00e3o de&hellip;\" \/>\n<meta property=\"og:url\" content=\"https:\/\/villageiguassu.com.br\/en\/estrutura\/\" \/>\n<meta property=\"og:site_name\" content=\"Village Iguassu\" \/>\n<meta property=\"article:modified_time\" content=\"2020-09-14T21:38:11+00:00\" \/>\n<meta property=\"og:image\" content=\"https:\/\/villageiguassu.com.br\/wp-content\/uploads\/2020\/02\/lazer.jpg\" \/>\n<meta name=\"twitter:card\" content=\"summary_large_image\" \/>\n<script type=\"application\/ld+json\" class=\"yoast-schema-graph\">{\"@context\":\"https:\/\/schema.org\",\"@graph\":[{\"@type\":\"WebPage\",\"@id\":\"https:\/\/villageiguassu.com.br\/estrutura\/\",\"url\":\"https:\/\/villageiguassu.com.br\/estrutura\/\",\"name\":\"ESTRUTURA - Village Iguassu\",\"isPartOf\":{\"@id\":\"https:\/\/villageiguassu.com.br\/#website\"},\"primaryImageOfPage\":{\"@id\":\"https:\/\/villageiguassu.com.br\/estrutura\/#primaryimage\"},\"image\":{\"@id\":\"https:\/\/villageiguassu.com.br\/estrutura\/#primaryimage\"},\"thumbnailUrl\":\"https:\/\/villageiguassu.com.br\/wp-content\/uploads\/2020\/02\/lazer.jpg\",\"datePublished\":\"2019-11-26T23:36:15+00:00\",\"dateModified\":\"2020-09-14T21:38:11+00:00\",\"breadcrumb\":{\"@id\":\"https:\/\/villageiguassu.com.br\/estrutura\/#breadcrumb\"},\"inLanguage\":\"en-US\",\"potentialAction\":[{\"@type\":\"ReadAction\",\"target\":[\"https:\/\/villageiguassu.com.br\/estrutura\/\"]}]},{\"@type\":\"ImageObject\",\"inLanguage\":\"en-US\",\"@id\":\"https:\/\/villageiguassu.com.br\/estrutura\/#primaryimage\",\"url\":\"https:\/\/villageiguassu.com.br\/wp-content\/uploads\/2020\/02\/lazer.jpg\",\"contentUrl\":\"https:\/\/villageiguassu.com.br\/wp-content\/uploads\/2020\/02\/lazer.jpg\"},{\"@type\":\"BreadcrumbList\",\"@id\":\"https:\/\/villageiguassu.com.br\/estrutura\/#breadcrumb\",\"itemListElement\":[{\"@type\":\"ListItem\",\"position\":1,\"name\":\"In\u00edcio\",\"item\":\"https:\/\/villageiguassu.com.br\/\"},{\"@type\":\"ListItem\",\"position\":2,\"name\":\"ESTRUTURA\"}]},{\"@type\":\"WebSite\",\"@id\":\"https:\/\/villageiguassu.com.br\/#website\",\"url\":\"https:\/\/villageiguassu.com.br\/\",\"name\":\"Village Iguassu\",\"description\":\"Golf Residence Foz do Iguassu\",\"publisher\":{\"@id\":\"https:\/\/villageiguassu.com.br\/#organization\"},\"potentialAction\":[{\"@type\":\"SearchAction\",\"target\":{\"@type\":\"EntryPoint\",\"urlTemplate\":\"https:\/\/villageiguassu.com.br\/?s={search_term_string}\"},\"query-input\":{\"@type\":\"PropertyValueSpecification\",\"valueRequired\":true,\"valueName\":\"search_term_string\"}}],\"inLanguage\":\"en-US\"},{\"@type\":\"Organization\",\"@id\":\"https:\/\/villageiguassu.com.br\/#organization\",\"name\":\"Condom\u00ednio Village Iguassu Golf Residence\",\"url\":\"https:\/\/villageiguassu.com.br\/\",\"logo\":{\"@type\":\"ImageObject\",\"inLanguage\":\"en-US\",\"@id\":\"https:\/\/villageiguassu.com.br\/#\/schema\/logo\/image\/\",\"url\":\"https:\/\/villageiguassu.com.br\/wp-content\/uploads\/2020\/09\/rodape-1.jpg\",\"contentUrl\":\"https:\/\/villageiguassu.com.br\/wp-content\/uploads\/2020\/09\/rodape-1.jpg\",\"width\":1920,\"height\":1081,\"caption\":\"Condom\u00ednio Village Iguassu Golf Residence\"},\"image\":{\"@id\":\"https:\/\/villageiguassu.com.br\/#\/schema\/logo\/image\/\"}}]}<\/script>\n<!-- \/ Yoast SEO plugin. -->","yoast_head_json":{"title":"ESTRUTURA - Village Iguassu","robots":{"index":"index","follow":"follow","max-snippet":"max-snippet:-1","max-image-preview":"max-image-preview:large","max-video-preview":"max-video-preview:-1"},"canonical":"https:\/\/villageiguassu.com.br\/en\/estrutura\/","og_locale":"en_US","og_type":"article","og_title":"ESTRUTURA - Village Iguassu","og_description":"Voc\u00ea vai poder dizer que vai morar no primeiro e \u00fanico condom\u00ednio em campo de golf de Foz do Igua\u00e7u. Uma vista exuberante projetada pelo renomado arquiteto americano Erik Larsen. Estrutura Portaria blindada com lindos jardins Quadra Poliesportiva Sal\u00e3o de Festas com Adega Club House com Lounge Sala de Massagem Refinado Espa\u00e7o Gourmet Sal\u00e3o de&hellip;","og_url":"https:\/\/villageiguassu.com.br\/en\/estrutura\/","og_site_name":"Village Iguassu","article_modified_time":"2020-09-14T21:38:11+00:00","og_image":[{"url":"https:\/\/villageiguassu.com.br\/wp-content\/uploads\/2020\/02\/lazer.jpg","type":"","width":"","height":""}],"twitter_card":"summary_large_image","schema":{"@context":"https:\/\/schema.org","@graph":[{"@type":"WebPage","@id":"https:\/\/villageiguassu.com.br\/estrutura\/","url":"https:\/\/villageiguassu.com.br\/estrutura\/","name":"ESTRUTURA - Village Iguassu","isPartOf":{"@id":"https:\/\/villageiguassu.com.br\/#website"},"primaryImageOfPage":{"@id":"https:\/\/villageiguassu.com.br\/estrutura\/#primaryimage"},"image":{"@id":"https:\/\/villageiguassu.com.br\/estrutura\/#primaryimage"},"thumbnailUrl":"https:\/\/villageiguassu.com.br\/wp-content\/uploads\/2020\/02\/lazer.jpg","datePublished":"2019-11-26T23:36:15+00:00","dateModified":"2020-09-14T21:38:11+00:00","breadcrumb":{"@id":"https:\/\/villageiguassu.com.br\/estrutura\/#breadcrumb"},"inLanguage":"en-US","potentialAction":[{"@type":"ReadAction","target":["https:\/\/villageiguassu.com.br\/estrutura\/"]}]},{"@type":"ImageObject","inLanguage":"en-US","@id":"https:\/\/villageiguassu.com.br\/estrutura\/#primaryimage","url":"https:\/\/villageiguassu.com.br\/wp-content\/uploads\/2020\/02\/lazer.jpg","contentUrl":"https:\/\/villageiguassu.com.br\/wp-content\/uploads\/2020\/02\/lazer.jpg"},{"@type":"BreadcrumbList","@id":"https:\/\/villageiguassu.com.br\/estrutura\/#breadcrumb","itemListElement":[{"@type":"ListItem","position":1,"name":"In\u00edcio","item":"https:\/\/villageiguassu.com.br\/"},{"@type":"ListItem","position":2,"name":"ESTRUTURA"}]},{"@type":"WebSite","@id":"https:\/\/villageiguassu.com.br\/#website","url":"https:\/\/villageiguassu.com.br\/","name":"Village Iguassu","description":"Golf Residence Foz do Iguassu","publisher":{"@id":"https:\/\/villageiguassu.com.br\/#organization"},"potentialAction":[{"@type":"SearchAction","target":{"@type":"EntryPoint","urlTemplate":"https:\/\/villageiguassu.com.br\/?s={search_term_string}"},"query-input":{"@type":"PropertyValueSpecification","valueRequired":true,"valueName":"search_term_string"}}],"inLanguage":"en-US"},{"@type":"Organization","@id":"https:\/\/villageiguassu.com.br\/#organization","name":"Condom\u00ednio Village Iguassu Golf Residence","url":"https:\/\/villageiguassu.com.br\/","logo":{"@type":"ImageObject","inLanguage":"en-US","@id":"https:\/\/villageiguassu.com.br\/#\/schema\/logo\/image\/","url":"https:\/\/villageiguassu.com.br\/wp-content\/uploads\/2020\/09\/rodape-1.jpg","contentUrl":"https:\/\/villageiguassu.com.br\/wp-content\/uploads\/2020\/09\/rodape-1.jpg","width":1920,"height":1081,"caption":"Condom\u00ednio Village Iguassu Golf Residence"},"image":{"@id":"https:\/\/villageiguassu.com.br\/#\/schema\/logo\/image\/"}}]}},"_links":{"self":[{"href":"https:\/\/villageiguassu.com.br\/en\/wp-json\/wp\/v2\/pages\/14","targetHints":{"allow":["GET"]}}],"collection":[{"href":"https:\/\/villageiguassu.com.br\/en\/wp-json\/wp\/v2\/pages"}],"about":[{"href":"https:\/\/villageiguassu.com.br\/en\/wp-json\/wp\/v2\/types\/page"}],"author":[{"embeddable":true,"href":"https:\/\/villageiguassu.com.br\/en\/wp-json\/wp\/v2\/users\/1"}],"replies":[{"embeddable":true,"href":"https:\/\/villageiguassu.com.br\/en\/wp-json\/wp\/v2\/comments?post=14"}],"version-history":[{"count":12,"href":"https:\/\/villageiguassu.com.br\/en\/wp-json\/wp\/v2\/pages\/14\/revisions"}],"predecessor-version":[{"id":519,"href":"https:\/\/villageiguassu.com.br\/en\/wp-json\/wp\/v2\/pages\/14\/revisions\/519"}],"wp:attachment":[{"href":"https:\/\/villageiguassu.com.br\/en\/wp-json\/wp\/v2\/media?parent=14"}],"curies":[{"name":"wp","href":"https:\/\/api.w.org\/{rel}","templated":true}]}}