{"id":24,"date":"2019-11-26T21:37:42","date_gmt":"2019-11-26T23:37:42","guid":{"rendered":"https:\/\/villageiguassu.com.br\/site\/?page_id=24"},"modified":"2020-09-14T18:37:15","modified_gmt":"2020-09-14T21:37:15","slug":"entre-em-contato","status":"publish","type":"page","link":"https:\/\/villageiguassu.com.br\/es\/entre-em-contato\/","title":{"rendered":"ENTRE EM CONTATO"},"content":{"rendered":"<div data-elementor-type=\"wp-page\" data-elementor-id=\"24\" class=\"elementor elementor-24\" data-elementor-post-type=\"page\">\n\t\t\t\t\t\t<section class=\"elementor-section elementor-top-section elementor-element elementor-element-708e84d elementor-section-boxed elementor-section-height-default elementor-section-height-default\" data-id=\"708e84d\" data-element_type=\"section\">\n\t\t\t\t\t\t<div class=\"elementor-container elementor-column-gap-default\">\n\t\t\t\t\t<div class=\"elementor-column elementor-col-100 elementor-top-column elementor-element elementor-element-cf63266\" data-id=\"cf63266\" data-element_type=\"column\">\n\t\t\t<div class=\"elementor-widget-wrap elementor-element-populated\">\n\t\t\t\t\t\t<div class=\"elementor-element elementor-element-8a2ec7a elementor-widget elementor-widget-heading\" data-id=\"8a2ec7a\" data-element_type=\"widget\" data-widget_type=\"heading.default\">\n\t\t\t\t<div class=\"elementor-widget-container\">\n\t\t\t\t\t<h2 class=\"elementor-heading-title elementor-size-default\">Informaci\u00f3n sobre Village Iguaz\u00fa<\/h2>\t\t\t\t<\/div>\n\t\t\t\t<\/div>\n\t\t\t\t<div class=\"elementor-element elementor-element-f2b9ae3 elementor-widget elementor-widget-spacer\" data-id=\"f2b9ae3\" data-element_type=\"widget\" data-widget_type=\"spacer.default\">\n\t\t\t\t<div class=\"elementor-widget-container\">\n\t\t\t\t\t\t\t<div class=\"elementor-spacer\">\n\t\t\t<div class=\"elementor-spacer-inner\"><\/div>\n\t\t<\/div>\n\t\t\t\t\t\t<\/div>\n\t\t\t\t<\/div>\n\t\t\t\t\t<\/div>\n\t\t<\/div>\n\t\t\t\t\t<\/div>\n\t\t<\/section>\n\t\t\t\t<section class=\"elementor-section elementor-top-section elementor-element elementor-element-7c85cba elementor-section-boxed elementor-section-height-default elementor-section-height-default elementor-invisible\" data-id=\"7c85cba\" data-element_type=\"section\" data-settings=\"{&quot;animation&quot;:&quot;fadeInDown&quot;}\">\n\t\t\t\t\t\t<div class=\"elementor-container elementor-column-gap-default\">\n\t\t\t\t\t<div class=\"elementor-column elementor-col-50 elementor-top-column elementor-element elementor-element-8d6c55d\" data-id=\"8d6c55d\" data-element_type=\"column\">\n\t\t\t<div class=\"elementor-widget-wrap elementor-element-populated\">\n\t\t\t\t\t\t<div class=\"elementor-element elementor-element-4b78db7 elementor-widget elementor-widget-text-editor\" data-id=\"4b78db7\" data-element_type=\"widget\" data-widget_type=\"text-editor.default\">\n\t\t\t\t<div class=\"elementor-widget-container\">\n\t\t\t\t\t\t\t\t\t<p>\n<div class=\"wpcf7 no-js\" id=\"wpcf7-f147-o1\" lang=\"pt-BR\" dir=\"ltr\" data-wpcf7-id=\"147\">\n<div class=\"screen-reader-response\"><p role=\"status\" aria-live=\"polite\" aria-atomic=\"true\"><\/p> <ul><\/ul><\/div>\n<form action=\"\/es\/wp-json\/wp\/v2\/pages\/24#wpcf7-f147-o1\" method=\"post\" class=\"wpcf7-form init\" aria-label=\"Contact form\" novalidate=\"novalidate\" data-status=\"init\" data-trp-original-action=\"\/es\/wp-json\/wp\/v2\/pages\/24#wpcf7-f147-o1\">\n<div style=\"display: none;\">\n<input type=\"hidden\" name=\"_wpcf7\" value=\"147\" \/>\n<input type=\"hidden\" name=\"_wpcf7_version\" value=\"6.0.6\" \/>\n<input type=\"hidden\" name=\"_wpcf7_locale\" value=\"pt_BR\" \/>\n<input type=\"hidden\" name=\"_wpcf7_unit_tag\" value=\"wpcf7-f147-o1\" \/>\n<input type=\"hidden\" name=\"_wpcf7_container_post\" value=\"0\" \/>\n<input type=\"hidden\" name=\"_wpcf7_posted_data_hash\" value=\"\" \/>\n<\/div>\n<p><label> Tu nombre (obligatorio)<br \/>\n<span class=\"wpcf7-form-control-wrap\" data-name=\"your-name\"><input size=\"40\" maxlength=\"400\" class=\"wpcf7-form-control wpcf7-text wpcf7-validates-as-required\" aria-required=\"true\" aria-invalid=\"false\" value=\"\" type=\"text\" name=\"your-name\" \/><\/span> <\/label>\n<\/p>\n<p><label> Tu email (obligatorio)<br \/>\n<span class=\"wpcf7-form-control-wrap\" data-name=\"your-email\"><input size=\"40\" maxlength=\"400\" class=\"wpcf7-form-control wpcf7-email wpcf7-validates-as-required wpcf7-text wpcf7-validates-as-email\" aria-required=\"true\" aria-invalid=\"false\" value=\"\" type=\"email\" name=\"your-email\" \/><\/span> <\/label>\n<\/p>\n<p><label> Tel\u00e9fono (con c\u00f3digo de \u00e1rea)<br \/>\n<span class=\"wpcf7-form-control-wrap\" data-name=\"tel-79\"><input size=\"40\" maxlength=\"400\" class=\"wpcf7-form-control wpcf7-tel wpcf7-text wpcf7-validates-as-tel\" aria-invalid=\"false\" value=\"\" type=\"tel\" name=\"tel-79\" \/><\/span> <\/label>\n<\/p>\n<p><label> su mensaje<br \/>\n<span class=\"wpcf7-form-control-wrap\" data-name=\"your-message\"><textarea cols=\"40\" rows=\"10\" maxlength=\"2000\" class=\"wpcf7-form-control wpcf7-textarea\" aria-invalid=\"false\" name=\"your-message\"><\/textarea><\/span> <\/label>\n<\/p>\n<p><input class=\"wpcf7-form-control wpcf7-submit has-spinner\" type=\"submit\" value=\"Mandar\" \/>\n<\/p><div class=\"wpcf7-response-output\" aria-hidden=\"true\"><\/div>\n<input type=\"hidden\" name=\"trp-form-language\" value=\"es\"\/><\/form>\n<\/div>\n<\/p>\t\t\t\t\t\t\t\t<\/div>\n\t\t\t\t<\/div>\n\t\t\t\t\t<\/div>\n\t\t<\/div>\n\t\t\t\t<div class=\"elementor-column elementor-col-50 elementor-top-column elementor-element elementor-element-279cc73\" data-id=\"279cc73\" data-element_type=\"column\">\n\t\t\t<div class=\"elementor-widget-wrap elementor-element-populated\">\n\t\t\t\t\t\t<div class=\"elementor-element elementor-element-6d028c0 elementor-icon-list--layout-traditional elementor-list-item-link-full_width elementor-widget elementor-widget-icon-list\" data-id=\"6d028c0\" data-element_type=\"widget\" data-widget_type=\"icon-list.default\">\n\t\t\t\t<div class=\"elementor-widget-container\">\n\t\t\t\t\t\t\t<ul class=\"elementor-icon-list-items\">\n\t\t\t\t\t\t\t<li class=\"elementor-icon-list-item\">\n\t\t\t\t\t\t\t\t\t\t\t<span class=\"elementor-icon-list-icon\">\n\t\t\t\t\t\t\t<i aria-hidden=\"true\" class=\"fas fa-map-marker-alt\"><\/i>\t\t\t\t\t\t<\/span>\n\t\t\t\t\t\t\t\t\t\t<span class=\"elementor-icon-list-text\">Av. das Cataratas, 6.845 | Tamandu\u00e1 |  Foz do Igua\u00e7u\/Pr | Brasil<\/span>\n\t\t\t\t\t\t\t\t\t<\/li>\n\t\t\t\t\t\t\t\t<li class=\"elementor-icon-list-item\">\n\t\t\t\t\t\t\t\t\t\t\t<a href=\"mailto:contato@villageiguassu.com.br\">\n\n\t\t\t\t\t\t\t\t\t\t\t\t<span class=\"elementor-icon-list-icon\">\n\t\t\t\t\t\t\t<i aria-hidden=\"true\" class=\"fas fa-envelope\"><\/i>\t\t\t\t\t\t<\/span>\n\t\t\t\t\t\t\t\t\t\t<span class=\"elementor-icon-list-text\">contato@villageiguassu.com.br<\/span>\n\t\t\t\t\t\t\t\t\t\t\t<\/a>\n\t\t\t\t\t\t\t\t\t<\/li>\n\t\t\t\t\t\t\t\t<li class=\"elementor-icon-list-item\">\n\t\t\t\t\t\t\t\t\t\t\t<a href=\"https:\/\/www.instagram.com\/villageiguassu\/\">\n\n\t\t\t\t\t\t\t\t\t\t\t\t<span class=\"elementor-icon-list-icon\">\n\t\t\t\t\t\t\t<i aria-hidden=\"true\" class=\"fab fa-instagram\"><\/i>\t\t\t\t\t\t<\/span>\n\t\t\t\t\t\t\t\t\t\t<span class=\"elementor-icon-list-text\">@villageiguassu<\/span>\n\t\t\t\t\t\t\t\t\t\t\t<\/a>\n\t\t\t\t\t\t\t\t\t<\/li>\n\t\t\t\t\t\t\t\t<li class=\"elementor-icon-list-item\">\n\t\t\t\t\t\t\t\t\t\t\t<a href=\"https:\/\/www.facebook.com\/VillageIguassu\">\n\n\t\t\t\t\t\t\t\t\t\t\t\t<span class=\"elementor-icon-list-icon\">\n\t\t\t\t\t\t\t<i aria-hidden=\"true\" class=\"fab fa-facebook\"><\/i>\t\t\t\t\t\t<\/span>\n\t\t\t\t\t\t\t\t\t\t<span class=\"elementor-icon-list-text\">@VillageIguassu<\/span>\n\t\t\t\t\t\t\t\t\t\t\t<\/a>\n\t\t\t\t\t\t\t\t\t<\/li>\n\t\t\t\t\t\t<\/ul>\n\t\t\t\t\t\t<\/div>\n\t\t\t\t<\/div>\n\t\t\t\t<div class=\"elementor-element elementor-element-ab25282 elementor-widget elementor-widget-image\" data-id=\"ab25282\" data-element_type=\"widget\" data-widget_type=\"image.default\">\n\t\t\t\t<div class=\"elementor-widget-container\">\n\t\t\t\t\t\t\t\t\t\t\t\t\t\t\t<img decoding=\"async\" width=\"185\" height=\"184\" data-src=\"https:\/\/villageiguassu.com.br\/wp-content\/uploads\/2020\/01\/gjp-logo-incorporadora.png\" class=\"attachment-large size-large wp-image-149 lazyload\" alt=\"\" data-srcset=\"https:\/\/villageiguassu.com.br\/wp-content\/uploads\/2020\/01\/gjp-logo-incorporadora.png 185w, https:\/\/villageiguassu.com.br\/wp-content\/uploads\/2020\/01\/gjp-logo-incorporadora-150x150.png 150w\" data-sizes=\"(max-width: 185px) 100vw, 185px\" src=\"data:image\/gif;base64,R0lGODlhAQABAAAAACH5BAEKAAEALAAAAAABAAEAAAICTAEAOw==\" style=\"--smush-placeholder-width: 185px; --smush-placeholder-aspect-ratio: 185\/184;\" \/>\t\t\t\t\t\t\t\t\t\t\t\t\t\t\t<\/div>\n\t\t\t\t<\/div>\n\t\t\t\t\t<\/div>\n\t\t<\/div>\n\t\t\t\t\t<\/div>\n\t\t<\/section>\n\t\t\t\t<section class=\"elementor-section elementor-top-section elementor-element elementor-element-65794f21 elementor-section-stretched elementor-section-boxed elementor-section-height-default elementor-section-height-default elementor-invisible\" data-id=\"65794f21\" data-element_type=\"section\" data-settings=\"{&quot;stretch_section&quot;:&quot;section-stretched&quot;,&quot;background_background&quot;:&quot;classic&quot;,&quot;shape_divider_top&quot;:&quot;opacity-tilt&quot;,&quot;animation&quot;:&quot;fadeInUp&quot;}\">\n\t\t\t\t\t\t\t<div class=\"elementor-background-overlay\"><\/div>\n\t\t\t\t\t\t<div class=\"elementor-shape elementor-shape-top\" aria-hidden=\"true\" data-negative=\"false\">\n\t\t\t<svg xmlns=\"http:\/\/www.w3.org\/2000\/svg\" viewbox=\"0 0 2600 131.1\" preserveaspectratio=\"none\">\n\t<path class=\"elementor-shape-fill\" d=\"M0 0L2600 0 2600 69.1 0 0z\"\/>\n\t<path class=\"elementor-shape-fill\" style=\"opacity:0.5\" d=\"M0 0L2600 0 2600 69.1 0 69.1z\"\/>\n\t<path class=\"elementor-shape-fill\" style=\"opacity:0.25\" d=\"M2600 0L0 0 0 130.1 2600 69.1z\"\/>\n<\/svg>\t\t<\/div>\n\t\t\t\t\t<div class=\"elementor-container elementor-column-gap-default\">\n\t\t\t\t\t<div class=\"elementor-column elementor-col-100 elementor-top-column elementor-element elementor-element-6939704c\" data-id=\"6939704c\" data-element_type=\"column\">\n\t\t\t<div class=\"elementor-widget-wrap elementor-element-populated\">\n\t\t\t\t\t\t<div class=\"elementor-element elementor-element-3bc56d15 elementor-widget elementor-widget-text-editor\" data-id=\"3bc56d15\" data-element_type=\"widget\" data-widget_type=\"text-editor.default\">\n\t\t\t\t<div class=\"elementor-widget-container\">\n\t\t\t\t\t\t\t\t\t<p>\u00a1VEN A VER Y DISFRUTA!<\/p>\t\t\t\t\t\t\t\t<\/div>\n\t\t\t\t<\/div>\n\t\t\t\t<div class=\"elementor-element elementor-element-17e97a4 elementor-align-center elementor-widget elementor-widget-button\" data-id=\"17e97a4\" data-element_type=\"widget\" data-widget_type=\"button.default\">\n\t\t\t\t<div class=\"elementor-widget-container\">\n\t\t\t\t\t\t\t\t\t<div class=\"elementor-button-wrapper\">\n\t\t\t\t\t<a class=\"elementor-button elementor-button-link elementor-size-lg elementor-animation-pulse-grow\" href=\"https:\/\/villageiguassu.com.br\/es\/entre-em-contato\/\">\n\t\t\t\t\t\t<span class=\"elementor-button-content-wrapper\">\n\t\t\t\t\t\t\t\t\t<span class=\"elementor-button-text\">PROGRAMAR UNA VISITA<\/span>\n\t\t\t\t\t<\/span>\n\t\t\t\t\t<\/a>\n\t\t\t\t<\/div>\n\t\t\t\t\t\t\t\t<\/div>\n\t\t\t\t<\/div>\n\t\t\t\t\t<\/div>\n\t\t<\/div>\n\t\t\t\t\t<\/div>\n\t\t<\/section>\n\t\t\t\t<\/div>","protected":false},"excerpt":{"rendered":"<p>Informa\u00e7\u00f5es sobre o Village Iguassu Av. das Cataratas, 6.845 | Tamandu\u00e1 | Foz do Igua\u00e7u\/Pr | Brasil contato@villageiguassu.com.br @villageiguassu @VillageIguassu VENHA CONHECER E SE ENCANTAR! AGENDE UMA VISITA<\/p>","protected":false},"author":1,"featured_media":0,"parent":0,"menu_order":0,"comment_status":"closed","ping_status":"closed","template":"","meta":{"_acf_changed":false,"footnotes":""},"class_list":["post-24","page","type-page","status-publish","hentry","entry","no-media"],"acf":[],"yoast_head":"<!-- This site is optimized with the Yoast SEO plugin v25.2 - https:\/\/yoast.com\/wordpress\/plugins\/seo\/ -->\n<title>ENTRE EM CONTATO - Village Iguassu<\/title>\n<meta name=\"robots\" content=\"index, follow, max-snippet:-1, max-image-preview:large, max-video-preview:-1\" \/>\n<link rel=\"canonical\" href=\"https:\/\/villageiguassu.com.br\/es\/entre-em-contato\/\" \/>\n<meta property=\"og:locale\" content=\"es_ES\" \/>\n<meta property=\"og:type\" content=\"article\" \/>\n<meta property=\"og:title\" content=\"ENTRE EM CONTATO - Village Iguassu\" \/>\n<meta property=\"og:description\" content=\"Informa\u00e7\u00f5es sobre o Village Iguassu Av. das Cataratas, 6.845 | Tamandu\u00e1 | Foz do Igua\u00e7u\/Pr | Brasil contato@villageiguassu.com.br @villageiguassu @VillageIguassu VENHA CONHECER E SE ENCANTAR! AGENDE UMA VISITA\" \/>\n<meta property=\"og:url\" content=\"https:\/\/villageiguassu.com.br\/es\/entre-em-contato\/\" \/>\n<meta property=\"og:site_name\" content=\"Village Iguassu\" \/>\n<meta property=\"article:modified_time\" content=\"2020-09-14T21:37:15+00:00\" \/>\n<meta property=\"og:image\" content=\"https:\/\/villageiguassu.com.br\/wp-content\/uploads\/2020\/01\/gjp-logo-incorporadora.png\" \/>\n<meta name=\"twitter:card\" content=\"summary_large_image\" \/>\n<script type=\"application\/ld+json\" class=\"yoast-schema-graph\">{\"@context\":\"https:\/\/schema.org\",\"@graph\":[{\"@type\":\"WebPage\",\"@id\":\"https:\/\/villageiguassu.com.br\/entre-em-contato\/\",\"url\":\"https:\/\/villageiguassu.com.br\/entre-em-contato\/\",\"name\":\"ENTRE EM CONTATO - Village Iguassu\",\"isPartOf\":{\"@id\":\"https:\/\/villageiguassu.com.br\/#website\"},\"primaryImageOfPage\":{\"@id\":\"https:\/\/villageiguassu.com.br\/entre-em-contato\/#primaryimage\"},\"image\":{\"@id\":\"https:\/\/villageiguassu.com.br\/entre-em-contato\/#primaryimage\"},\"thumbnailUrl\":\"https:\/\/villageiguassu.com.br\/wp-content\/uploads\/2020\/01\/gjp-logo-incorporadora.png\",\"datePublished\":\"2019-11-26T23:37:42+00:00\",\"dateModified\":\"2020-09-14T21:37:15+00:00\",\"breadcrumb\":{\"@id\":\"https:\/\/villageiguassu.com.br\/entre-em-contato\/#breadcrumb\"},\"inLanguage\":\"es-ES\",\"potentialAction\":[{\"@type\":\"ReadAction\",\"target\":[\"https:\/\/villageiguassu.com.br\/entre-em-contato\/\"]}]},{\"@type\":\"ImageObject\",\"inLanguage\":\"es-ES\",\"@id\":\"https:\/\/villageiguassu.com.br\/entre-em-contato\/#primaryimage\",\"url\":\"https:\/\/villageiguassu.com.br\/wp-content\/uploads\/2020\/01\/gjp-logo-incorporadora.png\",\"contentUrl\":\"https:\/\/villageiguassu.com.br\/wp-content\/uploads\/2020\/01\/gjp-logo-incorporadora.png\"},{\"@type\":\"BreadcrumbList\",\"@id\":\"https:\/\/villageiguassu.com.br\/entre-em-contato\/#breadcrumb\",\"itemListElement\":[{\"@type\":\"ListItem\",\"position\":1,\"name\":\"In\u00edcio\",\"item\":\"https:\/\/villageiguassu.com.br\/\"},{\"@type\":\"ListItem\",\"position\":2,\"name\":\"ENTRE EM CONTATO\"}]},{\"@type\":\"WebSite\",\"@id\":\"https:\/\/villageiguassu.com.br\/#website\",\"url\":\"https:\/\/villageiguassu.com.br\/\",\"name\":\"Village Iguassu\",\"description\":\"Golf Residence Foz do Iguassu\",\"publisher\":{\"@id\":\"https:\/\/villageiguassu.com.br\/#organization\"},\"potentialAction\":[{\"@type\":\"SearchAction\",\"target\":{\"@type\":\"EntryPoint\",\"urlTemplate\":\"https:\/\/villageiguassu.com.br\/?s={search_term_string}\"},\"query-input\":{\"@type\":\"PropertyValueSpecification\",\"valueRequired\":true,\"valueName\":\"search_term_string\"}}],\"inLanguage\":\"es-ES\"},{\"@type\":\"Organization\",\"@id\":\"https:\/\/villageiguassu.com.br\/#organization\",\"name\":\"Condom\u00ednio Village Iguassu Golf Residence\",\"url\":\"https:\/\/villageiguassu.com.br\/\",\"logo\":{\"@type\":\"ImageObject\",\"inLanguage\":\"es-ES\",\"@id\":\"https:\/\/villageiguassu.com.br\/#\/schema\/logo\/image\/\",\"url\":\"https:\/\/villageiguassu.com.br\/wp-content\/uploads\/2020\/09\/rodape-1.jpg\",\"contentUrl\":\"https:\/\/villageiguassu.com.br\/wp-content\/uploads\/2020\/09\/rodape-1.jpg\",\"width\":1920,\"height\":1081,\"caption\":\"Condom\u00ednio Village Iguassu Golf Residence\"},\"image\":{\"@id\":\"https:\/\/villageiguassu.com.br\/#\/schema\/logo\/image\/\"}}]}<\/script>\n<!-- \/ Yoast SEO plugin. -->","yoast_head_json":{"title":"ENTRE EM CONTATO - Village Iguassu","robots":{"index":"index","follow":"follow","max-snippet":"max-snippet:-1","max-image-preview":"max-image-preview:large","max-video-preview":"max-video-preview:-1"},"canonical":"https:\/\/villageiguassu.com.br\/es\/entre-em-contato\/","og_locale":"es_ES","og_type":"article","og_title":"ENTRE EM CONTATO - Village Iguassu","og_description":"Informa\u00e7\u00f5es sobre o Village Iguassu Av. das Cataratas, 6.845 | Tamandu\u00e1 | Foz do Igua\u00e7u\/Pr | Brasil contato@villageiguassu.com.br @villageiguassu @VillageIguassu VENHA CONHECER E SE ENCANTAR! AGENDE UMA VISITA","og_url":"https:\/\/villageiguassu.com.br\/es\/entre-em-contato\/","og_site_name":"Village Iguassu","article_modified_time":"2020-09-14T21:37:15+00:00","og_image":[{"url":"https:\/\/villageiguassu.com.br\/wp-content\/uploads\/2020\/01\/gjp-logo-incorporadora.png","type":"","width":"","height":""}],"twitter_card":"summary_large_image","schema":{"@context":"https:\/\/schema.org","@graph":[{"@type":"WebPage","@id":"https:\/\/villageiguassu.com.br\/entre-em-contato\/","url":"https:\/\/villageiguassu.com.br\/entre-em-contato\/","name":"ENTRE EM CONTATO - Village Iguassu","isPartOf":{"@id":"https:\/\/villageiguassu.com.br\/#website"},"primaryImageOfPage":{"@id":"https:\/\/villageiguassu.com.br\/entre-em-contato\/#primaryimage"},"image":{"@id":"https:\/\/villageiguassu.com.br\/entre-em-contato\/#primaryimage"},"thumbnailUrl":"https:\/\/villageiguassu.com.br\/wp-content\/uploads\/2020\/01\/gjp-logo-incorporadora.png","datePublished":"2019-11-26T23:37:42+00:00","dateModified":"2020-09-14T21:37:15+00:00","breadcrumb":{"@id":"https:\/\/villageiguassu.com.br\/entre-em-contato\/#breadcrumb"},"inLanguage":"es-ES","potentialAction":[{"@type":"ReadAction","target":["https:\/\/villageiguassu.com.br\/entre-em-contato\/"]}]},{"@type":"ImageObject","inLanguage":"es-ES","@id":"https:\/\/villageiguassu.com.br\/entre-em-contato\/#primaryimage","url":"https:\/\/villageiguassu.com.br\/wp-content\/uploads\/2020\/01\/gjp-logo-incorporadora.png","contentUrl":"https:\/\/villageiguassu.com.br\/wp-content\/uploads\/2020\/01\/gjp-logo-incorporadora.png"},{"@type":"BreadcrumbList","@id":"https:\/\/villageiguassu.com.br\/entre-em-contato\/#breadcrumb","itemListElement":[{"@type":"ListItem","position":1,"name":"In\u00edcio","item":"https:\/\/villageiguassu.com.br\/"},{"@type":"ListItem","position":2,"name":"ENTRE EM CONTATO"}]},{"@type":"WebSite","@id":"https:\/\/villageiguassu.com.br\/#website","url":"https:\/\/villageiguassu.com.br\/","name":"Village Iguassu","description":"Golf Residence Foz do Iguassu","publisher":{"@id":"https:\/\/villageiguassu.com.br\/#organization"},"potentialAction":[{"@type":"SearchAction","target":{"@type":"EntryPoint","urlTemplate":"https:\/\/villageiguassu.com.br\/?s={search_term_string}"},"query-input":{"@type":"PropertyValueSpecification","valueRequired":true,"valueName":"search_term_string"}}],"inLanguage":"es-ES"},{"@type":"Organization","@id":"https:\/\/villageiguassu.com.br\/#organization","name":"Condom\u00ednio Village Iguassu Golf Residence","url":"https:\/\/villageiguassu.com.br\/","logo":{"@type":"ImageObject","inLanguage":"es-ES","@id":"https:\/\/villageiguassu.com.br\/#\/schema\/logo\/image\/","url":"https:\/\/villageiguassu.com.br\/wp-content\/uploads\/2020\/09\/rodape-1.jpg","contentUrl":"https:\/\/villageiguassu.com.br\/wp-content\/uploads\/2020\/09\/rodape-1.jpg","width":1920,"height":1081,"caption":"Condom\u00ednio Village Iguassu Golf Residence"},"image":{"@id":"https:\/\/villageiguassu.com.br\/#\/schema\/logo\/image\/"}}]}},"_links":{"self":[{"href":"https:\/\/villageiguassu.com.br\/es\/wp-json\/wp\/v2\/pages\/24","targetHints":{"allow":["GET"]}}],"collection":[{"href":"https:\/\/villageiguassu.com.br\/es\/wp-json\/wp\/v2\/pages"}],"about":[{"href":"https:\/\/villageiguassu.com.br\/es\/wp-json\/wp\/v2\/types\/page"}],"author":[{"embeddable":true,"href":"https:\/\/villageiguassu.com.br\/es\/wp-json\/wp\/v2\/users\/1"}],"replies":[{"embeddable":true,"href":"https:\/\/villageiguassu.com.br\/es\/wp-json\/wp\/v2\/comments?post=24"}],"version-history":[{"count":10,"href":"https:\/\/villageiguassu.com.br\/es\/wp-json\/wp\/v2\/pages\/24\/revisions"}],"predecessor-version":[{"id":518,"href":"https:\/\/villageiguassu.com.br\/es\/wp-json\/wp\/v2\/pages\/24\/revisions\/518"}],"wp:attachment":[{"href":"https:\/\/villageiguassu.com.br\/es\/wp-json\/wp\/v2\/media?parent=24"}],"curies":[{"name":"wp","href":"https:\/\/api.w.org\/{rel}","templated":true}]}}