{"id":594,"date":"2021-06-01T10:14:48","date_gmt":"2021-06-01T13:14:48","guid":{"rendered":"https:\/\/villageiguassu.com.br\/?page_id=594"},"modified":"2021-06-17T12:15:32","modified_gmt":"2021-06-17T15:15:32","slug":"investimento","status":"publish","type":"page","link":"https:\/\/villageiguassu.com.br\/es\/investimento\/","title":{"rendered":"INVESTIMENTO"},"content":{"rendered":"<div data-elementor-type=\"wp-page\" data-elementor-id=\"594\" class=\"elementor elementor-594\" data-elementor-post-type=\"page\">\n\t\t\t\t\t\t<section class=\"elementor-section elementor-top-section elementor-element elementor-element-ed26afc elementor-section-boxed elementor-section-height-default elementor-section-height-default elementor-invisible\" data-id=\"ed26afc\" data-element_type=\"section\" data-settings=\"{&quot;animation&quot;:&quot;fadeInDown&quot;}\">\n\t\t\t\t\t\t<div class=\"elementor-container elementor-column-gap-default\">\n\t\t\t\t\t<div class=\"elementor-column elementor-col-100 elementor-top-column elementor-element elementor-element-679e35be\" data-id=\"679e35be\" data-element_type=\"column\">\n\t\t\t<div class=\"elementor-widget-wrap elementor-element-populated\">\n\t\t\t\t\t\t<div class=\"elementor-element elementor-element-6a6fa553 elementor-invisible elementor-widget elementor-widget-heading\" data-id=\"6a6fa553\" data-element_type=\"widget\" data-settings=\"{&quot;_animation&quot;:&quot;fadeInLeft&quot;}\" data-widget_type=\"heading.default\">\n\t\t\t\t<div class=\"elementor-widget-container\">\n\t\t\t\t\t<h1 class=\"elementor-heading-title elementor-size-default\">\u00bfPor qu\u00e9 invertir?<\/h1>\t\t\t\t<\/div>\n\t\t\t\t<\/div>\n\t\t\t\t<div class=\"elementor-element elementor-element-537f72e elementor-widget elementor-widget-text-editor\" data-id=\"537f72e\" data-element_type=\"widget\" data-widget_type=\"text-editor.default\">\n\t\t\t\t<div class=\"elementor-widget-container\">\n\t\t\t\t\t\t\t\t\t<p>El mercado inmobiliario es considerado un segmento seguro y con buena rentabilidad financiera, por lo que a continuaci\u00f3n presento una comparaci\u00f3n de inversiones:<\/p>\t\t\t\t\t\t\t\t<\/div>\n\t\t\t\t<\/div>\n\t\t\t\t\t<\/div>\n\t\t<\/div>\n\t\t\t\t\t<\/div>\n\t\t<\/section>\n\t\t\t\t<section class=\"elementor-section elementor-top-section elementor-element elementor-element-4998bb01 elementor-section-boxed elementor-section-height-default elementor-section-height-default elementor-invisible\" data-id=\"4998bb01\" data-element_type=\"section\" data-settings=\"{&quot;background_background&quot;:&quot;classic&quot;,&quot;animation&quot;:&quot;fadeInDown&quot;}\">\n\t\t\t\t\t\t<div class=\"elementor-container elementor-column-gap-default\">\n\t\t\t\t\t<div class=\"elementor-column elementor-col-100 elementor-top-column elementor-element elementor-element-520ddb11\" data-id=\"520ddb11\" data-element_type=\"column\">\n\t\t\t<div class=\"elementor-widget-wrap elementor-element-populated\">\n\t\t\t\t\t\t<div class=\"elementor-element elementor-element-96a6e1c elementor-invisible elementor-widget elementor-widget-heading\" data-id=\"96a6e1c\" data-element_type=\"widget\" data-settings=\"{&quot;_animation&quot;:&quot;fadeInLeft&quot;}\" data-widget_type=\"heading.default\">\n\t\t\t\t<div class=\"elementor-widget-container\">\n\t\t\t\t\t<h2 class=\"elementor-heading-title elementor-size-default\">INVERSI\u00d3N BASADA EN CDI<\/h2>\t\t\t\t<\/div>\n\t\t\t\t<\/div>\n\t\t\t\t<div class=\"elementor-element elementor-element-005b3ad elementor-widget elementor-widget-text-editor\" data-id=\"005b3ad\" data-element_type=\"widget\" data-widget_type=\"text-editor.default\">\n\t\t\t\t<div class=\"elementor-widget-container\">\n\t\t\t\t\t\t\t\t\t<p>(certificado de dep\u00f3sito interbancario)<\/p>\t\t\t\t\t\t\t\t<\/div>\n\t\t\t\t<\/div>\n\t\t\t\t<div class=\"elementor-element elementor-element-3d50f756 elementor-widget-divider--view-line elementor-invisible elementor-widget elementor-widget-divider\" data-id=\"3d50f756\" data-element_type=\"widget\" data-settings=\"{&quot;_animation&quot;:&quot;fadeInDown&quot;}\" data-widget_type=\"divider.default\">\n\t\t\t\t<div class=\"elementor-widget-container\">\n\t\t\t\t\t\t\t<div class=\"elementor-divider\">\n\t\t\t<span class=\"elementor-divider-separator\">\n\t\t\t\t\t\t<\/span>\n\t\t<\/div>\n\t\t\t\t\t\t<\/div>\n\t\t\t\t<\/div>\n\t\t\t\t<div class=\"elementor-element elementor-element-620c829 elementor-widget elementor-widget-text-editor\" data-id=\"620c829\" data-element_type=\"widget\" data-widget_type=\"text-editor.default\">\n\t\t\t\t<div class=\"elementor-widget-container\">\n\t\t\t\t\t\t\t\t\t<div class=\"translation-block\"><strong>Fecha de inicio:<\/strong> 28\/11\/2016 \u00a0\u2013 <strong> Fecha de finalizaci\u00f3n:<\/strong> 20\/05\/2021<\/div><div class=\"translation-block\"><strong>Valor Nominal \u2013<\/strong> R$ 654.200,00<\/div><div class=\"translation-block\"><strong>Valor corregido en la fecha final \u2013<\/strong> BRL 851.193,75<\/div><div class=\"translation-block\"><strong>Rentabilidad: <span style=\"color: #993366\">BRL 196.993,75<\/span><\/strong><span style=\"color: #993366\">\u00a0<\/span><\/div>\t\t\t\t\t\t\t\t<\/div>\n\t\t\t\t<\/div>\n\t\t\t\t<div class=\"elementor-element elementor-element-cfb8de6 elementor-icon-list--layout-traditional elementor-list-item-link-full_width elementor-widget elementor-widget-icon-list\" data-id=\"cfb8de6\" data-element_type=\"widget\" data-widget_type=\"icon-list.default\">\n\t\t\t\t<div class=\"elementor-widget-container\">\n\t\t\t\t\t\t\t<ul class=\"elementor-icon-list-items\">\n\t\t\t\t\t\t\t<li class=\"elementor-icon-list-item\">\n\t\t\t\t\t\t\t\t\t\t\t<span class=\"elementor-icon-list-icon\">\n\t\t\t\t\t\t\t<i aria-hidden=\"true\" class=\"fas fa-check\"><\/i>\t\t\t\t\t\t<\/span>\n\t\t\t\t\t\t\t\t\t\t<span class=\"elementor-icon-list-text\">Valoraci\u00f3n del 30%<\/span>\n\t\t\t\t\t\t\t\t\t<\/li>\n\t\t\t\t\t\t<\/ul>\n\t\t\t\t\t\t<\/div>\n\t\t\t\t<\/div>\n\t\t\t\t\t<\/div>\n\t\t<\/div>\n\t\t\t\t\t<\/div>\n\t\t<\/section>\n\t\t\t\t<section class=\"elementor-section elementor-top-section elementor-element elementor-element-3898e08 elementor-section-full_width elementor-section-stretched elementor-section-height-default elementor-section-height-default\" data-id=\"3898e08\" data-element_type=\"section\" data-settings=\"{&quot;stretch_section&quot;:&quot;section-stretched&quot;,&quot;background_background&quot;:&quot;classic&quot;}\">\n\t\t\t\t\t\t<div class=\"elementor-container elementor-column-gap-default\">\n\t\t\t\t\t<div class=\"elementor-column elementor-col-100 elementor-top-column elementor-element elementor-element-be71ea4\" data-id=\"be71ea4\" data-element_type=\"column\">\n\t\t\t<div class=\"elementor-widget-wrap\">\n\t\t\t\t\t\t\t<\/div>\n\t\t<\/div>\n\t\t\t\t\t<\/div>\n\t\t<\/section>\n\t\t\t\t<section class=\"elementor-section elementor-top-section elementor-element elementor-element-b3c83c3 elementor-section-boxed elementor-section-height-default elementor-section-height-default elementor-invisible\" data-id=\"b3c83c3\" data-element_type=\"section\" data-settings=\"{&quot;background_background&quot;:&quot;classic&quot;,&quot;animation&quot;:&quot;fadeInDown&quot;}\">\n\t\t\t\t\t\t<div class=\"elementor-container elementor-column-gap-default\">\n\t\t\t\t\t<div class=\"elementor-column elementor-col-100 elementor-top-column elementor-element elementor-element-601f76f\" data-id=\"601f76f\" data-element_type=\"column\">\n\t\t\t<div class=\"elementor-widget-wrap elementor-element-populated\">\n\t\t\t\t\t\t<div class=\"elementor-element elementor-element-a12c26e elementor-invisible elementor-widget elementor-widget-heading\" data-id=\"a12c26e\" data-element_type=\"widget\" data-settings=\"{&quot;_animation&quot;:&quot;fadeInLeft&quot;}\" data-widget_type=\"heading.default\">\n\t\t\t\t<div class=\"elementor-widget-container\">\n\t\t\t\t\t<h2 class=\"elementor-heading-title elementor-size-default\">LOTE 930m\u00b2<\/h2>\t\t\t\t<\/div>\n\t\t\t\t<\/div>\n\t\t\t\t<div class=\"elementor-element elementor-element-561ef34 elementor-widget-divider--view-line elementor-invisible elementor-widget elementor-widget-divider\" data-id=\"561ef34\" data-element_type=\"widget\" data-settings=\"{&quot;_animation&quot;:&quot;fadeInDown&quot;}\" data-widget_type=\"divider.default\">\n\t\t\t\t<div class=\"elementor-widget-container\">\n\t\t\t\t\t\t\t<div class=\"elementor-divider\">\n\t\t\t<span class=\"elementor-divider-separator\">\n\t\t\t\t\t\t<\/span>\n\t\t<\/div>\n\t\t\t\t\t\t<\/div>\n\t\t\t\t<\/div>\n\t\t\t\t<div class=\"elementor-element elementor-element-e49691c elementor-widget elementor-widget-text-editor\" data-id=\"e49691c\" data-element_type=\"widget\" data-widget_type=\"text-editor.default\">\n\t\t\t\t<div class=\"elementor-widget-container\">\n\t\t\t\t\t\t\t\t\t<div><div><strong>Fecha de compra -<span style=\"color: #479b8f;\">28\/11\/2016<\/span><\/strong><\/div><div><strong>Valor de la compra - <span style=\"color: #479b8f;\">R$ 654.200,00<\/span><\/strong><\/div><div><strong>Condici\u00f3n de pago - <span style=\"color: #479b8f;\">18 cuotas sin inter\u00e9s<\/span><\/strong><\/div><div><strong>Valor actualizado (20\/05\/2021) - <span style=\"color: #479b8f;\">R$ 1.262.562,00<\/span><\/strong><\/div><div><strong>Rentabilidad \u2013 <span style=\"color: #479b8f;\">R$ 608.362,00<\/span><\/strong><\/div><\/div>\t\t\t\t\t\t\t\t<\/div>\n\t\t\t\t<\/div>\n\t\t\t\t<div class=\"elementor-element elementor-element-b393527 elementor-icon-list--layout-traditional elementor-list-item-link-full_width elementor-widget elementor-widget-icon-list\" data-id=\"b393527\" data-element_type=\"widget\" data-widget_type=\"icon-list.default\">\n\t\t\t\t<div class=\"elementor-widget-container\">\n\t\t\t\t\t\t\t<ul class=\"elementor-icon-list-items\">\n\t\t\t\t\t\t\t<li class=\"elementor-icon-list-item\">\n\t\t\t\t\t\t\t\t\t\t\t<span class=\"elementor-icon-list-icon\">\n\t\t\t\t\t\t\t<i aria-hidden=\"true\" class=\"fas fa-check\"><\/i>\t\t\t\t\t\t<\/span>\n\t\t\t\t\t\t\t\t\t\t<span class=\"elementor-icon-list-text\">Valoraci\u00f3n del 93%<\/span>\n\t\t\t\t\t\t\t\t\t<\/li>\n\t\t\t\t\t\t<\/ul>\n\t\t\t\t\t\t<\/div>\n\t\t\t\t<\/div>\n\t\t\t\t<div class=\"elementor-element elementor-element-96f2955 elementor-widget elementor-widget-text-editor\" data-id=\"96f2955\" data-element_type=\"widget\" data-widget_type=\"text-editor.default\">\n\t\t\t\t<div class=\"elementor-widget-container\">\n\t\t\t\t\t\t\t\t\t<div class=\"translation-block\">*Rentabilidad en la adquisici\u00f3n del inmueble <strong>SUPERIOR<\/strong> al <strong>63%<\/strong>.<\/div><div>\u00a0<\/div><div class=\"translation-block\">Si desea saber m\u00e1s sobre los detalles, comun\u00edquese con nuestro consultor experto Thiago Goulart.<br>Tel\u00e9fono (11) 4468-4859 o correo electr\u00f3nico <a href=\"mailto:thiago.goulart@gjp.com.br\" target=\"_self\">thiago.goulart@gjp.com.br<\/a><\/div>\t\t\t\t\t\t\t\t<\/div>\n\t\t\t\t<\/div>\n\t\t\t\t\t<\/div>\n\t\t<\/div>\n\t\t\t\t\t<\/div>\n\t\t<\/section>\n\t\t\t\t<section class=\"elementor-section elementor-top-section elementor-element elementor-element-7e0ad98 elementor-section-boxed elementor-section-height-default elementor-section-height-default elementor-invisible\" data-id=\"7e0ad98\" data-element_type=\"section\" data-settings=\"{&quot;background_background&quot;:&quot;classic&quot;,&quot;animation&quot;:&quot;fadeInDown&quot;}\">\n\t\t\t\t\t\t<div class=\"elementor-container elementor-column-gap-default\">\n\t\t\t\t\t<div class=\"elementor-column elementor-col-100 elementor-top-column elementor-element elementor-element-d24420a\" data-id=\"d24420a\" data-element_type=\"column\">\n\t\t\t<div class=\"elementor-widget-wrap elementor-element-populated\">\n\t\t\t\t\t\t<div class=\"elementor-element elementor-element-ed76da8 elementor-invisible elementor-widget elementor-widget-heading\" data-id=\"ed76da8\" data-element_type=\"widget\" data-settings=\"{&quot;_animation&quot;:&quot;fadeInLeft&quot;}\" data-widget_type=\"heading.default\">\n\t\t\t\t<div class=\"elementor-widget-container\">\n\t\t\t\t\t<h2 class=\"elementor-heading-title elementor-size-default\">\u00bfEres de Agronegocios?<\/h2>\t\t\t\t<\/div>\n\t\t\t\t<\/div>\n\t\t\t\t<div class=\"elementor-element elementor-element-d379fb6 elementor-widget elementor-widget-text-editor\" data-id=\"d379fb6\" data-element_type=\"widget\" data-widget_type=\"text-editor.default\">\n\t\t\t\t<div class=\"elementor-widget-container\">\n\t\t\t\t\t\t\t\t\t<h2><span style=\"color: #479b8f;\"><strong>\u201cAjusta tu propuesta seg\u00fan tu a\u00f1ada\u201d<\/strong><\/span><\/h2><p class=\"translation-block\">\u00a1Oportunidad \u00fanica e imperdible!<br>Hable con nuestros asesores.<\/p>\t\t\t\t\t\t\t\t<\/div>\n\t\t\t\t<\/div>\n\t\t\t\t\t<\/div>\n\t\t<\/div>\n\t\t\t\t\t<\/div>\n\t\t<\/section>\n\t\t\t\t<section class=\"elementor-section elementor-top-section elementor-element elementor-element-552cb8a7 elementor-section-stretched elementor-section-boxed elementor-section-height-default elementor-section-height-default elementor-invisible\" data-id=\"552cb8a7\" data-element_type=\"section\" data-settings=\"{&quot;stretch_section&quot;:&quot;section-stretched&quot;,&quot;background_background&quot;:&quot;classic&quot;,&quot;shape_divider_top&quot;:&quot;opacity-tilt&quot;,&quot;animation&quot;:&quot;fadeInUp&quot;}\">\n\t\t\t\t\t\t\t<div class=\"elementor-background-overlay\"><\/div>\n\t\t\t\t\t\t<div class=\"elementor-shape elementor-shape-top\" aria-hidden=\"true\" data-negative=\"false\">\n\t\t\t<svg xmlns=\"http:\/\/www.w3.org\/2000\/svg\" viewbox=\"0 0 2600 131.1\" preserveaspectratio=\"none\">\n\t<path class=\"elementor-shape-fill\" d=\"M0 0L2600 0 2600 69.1 0 0z\"\/>\n\t<path class=\"elementor-shape-fill\" style=\"opacity:0.5\" d=\"M0 0L2600 0 2600 69.1 0 69.1z\"\/>\n\t<path class=\"elementor-shape-fill\" style=\"opacity:0.25\" d=\"M2600 0L0 0 0 130.1 2600 69.1z\"\/>\n<\/svg>\t\t<\/div>\n\t\t\t\t\t<div class=\"elementor-container elementor-column-gap-default\">\n\t\t\t\t\t<div class=\"elementor-column elementor-col-100 elementor-top-column elementor-element elementor-element-180bd97b\" data-id=\"180bd97b\" data-element_type=\"column\">\n\t\t\t<div class=\"elementor-widget-wrap elementor-element-populated\">\n\t\t\t\t\t\t<div class=\"elementor-element elementor-element-3a4888ab elementor-widget elementor-widget-text-editor\" data-id=\"3a4888ab\" data-element_type=\"widget\" data-widget_type=\"text-editor.default\">\n\t\t\t\t<div class=\"elementor-widget-container\">\n\t\t\t\t\t\t\t\t\t<p>\u00a1VEN A VER Y DISFRUTA!<\/p>\t\t\t\t\t\t\t\t<\/div>\n\t\t\t\t<\/div>\n\t\t\t\t<div class=\"elementor-element elementor-element-121b0331 elementor-align-center elementor-widget elementor-widget-button\" data-id=\"121b0331\" data-element_type=\"widget\" data-widget_type=\"button.default\">\n\t\t\t\t<div class=\"elementor-widget-container\">\n\t\t\t\t\t\t\t\t\t<div class=\"elementor-button-wrapper\">\n\t\t\t\t\t<a class=\"elementor-button elementor-button-link elementor-size-lg elementor-animation-pulse-grow\" href=\"https:\/\/villageiguassu.com.br\/es\/entre-em-contato\/\">\n\t\t\t\t\t\t<span class=\"elementor-button-content-wrapper\">\n\t\t\t\t\t\t\t\t\t<span class=\"elementor-button-text\">PROGRAMAR UNA VISITA<\/span>\n\t\t\t\t\t<\/span>\n\t\t\t\t\t<\/a>\n\t\t\t\t<\/div>\n\t\t\t\t\t\t\t\t<\/div>\n\t\t\t\t<\/div>\n\t\t\t\t\t<\/div>\n\t\t<\/div>\n\t\t\t\t\t<\/div>\n\t\t<\/section>\n\t\t\t\t<\/div>","protected":false},"excerpt":{"rendered":"<p>O porqu\u00ea de investir? O mercado imobili\u00e1rio \u00e9 considerado um segmento seguro e de bom retorno financeiro, por isso apresento abaixo um comparativo de investimento: INVESTIMENTO BASEADO EM CDI (certificado de dep\u00f3sito interbanc\u00e1rio) Data Inicial &#8211; 28\/11\/2016 \u00a0&#8211; \u00a0Data Final &#8211; 20\/05\/2021Valor Nominal &#8211; R$ 654.200,00Valor Corrigido na data final &#8211; R$ 851.193,75Rentabilidade &#8211; R$&hellip;<\/p>","protected":false},"author":1,"featured_media":0,"parent":0,"menu_order":0,"comment_status":"closed","ping_status":"closed","template":"","meta":{"_acf_changed":false,"footnotes":""},"class_list":["post-594","page","type-page","status-publish","hentry","entry","no-media"],"acf":[],"yoast_head":"<!-- This site is optimized with the Yoast SEO plugin v25.2 - https:\/\/yoast.com\/wordpress\/plugins\/seo\/ -->\n<title>INVESTIMENTO - Village Iguassu<\/title>\n<meta name=\"robots\" content=\"index, follow, max-snippet:-1, max-image-preview:large, max-video-preview:-1\" \/>\n<link rel=\"canonical\" href=\"https:\/\/villageiguassu.com.br\/es\/investimento\/\" \/>\n<meta property=\"og:locale\" content=\"es_ES\" \/>\n<meta property=\"og:type\" content=\"article\" \/>\n<meta property=\"og:title\" content=\"INVESTIMENTO - Village Iguassu\" \/>\n<meta property=\"og:description\" content=\"O porqu\u00ea de investir? O mercado imobili\u00e1rio \u00e9 considerado um segmento seguro e de bom retorno financeiro, por isso apresento abaixo um comparativo de investimento: INVESTIMENTO BASEADO EM CDI (certificado de dep\u00f3sito interbanc\u00e1rio) Data Inicial &#8211; 28\/11\/2016 \u00a0&#8211; \u00a0Data Final &#8211; 20\/05\/2021Valor Nominal &#8211; R$ 654.200,00Valor Corrigido na data final &#8211; R$ 851.193,75Rentabilidade &#8211; R$&hellip;\" \/>\n<meta property=\"og:url\" content=\"https:\/\/villageiguassu.com.br\/es\/investimento\/\" \/>\n<meta property=\"og:site_name\" content=\"Village Iguassu\" \/>\n<meta property=\"article:modified_time\" content=\"2021-06-17T15:15:32+00:00\" \/>\n<meta name=\"twitter:card\" content=\"summary_large_image\" \/>\n<meta name=\"twitter:label1\" content=\"Est. reading time\" \/>\n\t<meta name=\"twitter:data1\" content=\"1 minute\" \/>\n<script type=\"application\/ld+json\" class=\"yoast-schema-graph\">{\"@context\":\"https:\/\/schema.org\",\"@graph\":[{\"@type\":\"WebPage\",\"@id\":\"https:\/\/villageiguassu.com.br\/investimento\/\",\"url\":\"https:\/\/villageiguassu.com.br\/investimento\/\",\"name\":\"INVESTIMENTO - Village Iguassu\",\"isPartOf\":{\"@id\":\"https:\/\/villageiguassu.com.br\/#website\"},\"datePublished\":\"2021-06-01T13:14:48+00:00\",\"dateModified\":\"2021-06-17T15:15:32+00:00\",\"breadcrumb\":{\"@id\":\"https:\/\/villageiguassu.com.br\/investimento\/#breadcrumb\"},\"inLanguage\":\"es-ES\",\"potentialAction\":[{\"@type\":\"ReadAction\",\"target\":[\"https:\/\/villageiguassu.com.br\/investimento\/\"]}]},{\"@type\":\"BreadcrumbList\",\"@id\":\"https:\/\/villageiguassu.com.br\/investimento\/#breadcrumb\",\"itemListElement\":[{\"@type\":\"ListItem\",\"position\":1,\"name\":\"In\u00edcio\",\"item\":\"https:\/\/villageiguassu.com.br\/\"},{\"@type\":\"ListItem\",\"position\":2,\"name\":\"INVESTIMENTO\"}]},{\"@type\":\"WebSite\",\"@id\":\"https:\/\/villageiguassu.com.br\/#website\",\"url\":\"https:\/\/villageiguassu.com.br\/\",\"name\":\"Village Iguassu\",\"description\":\"Golf Residence Foz do Iguassu\",\"publisher\":{\"@id\":\"https:\/\/villageiguassu.com.br\/#organization\"},\"potentialAction\":[{\"@type\":\"SearchAction\",\"target\":{\"@type\":\"EntryPoint\",\"urlTemplate\":\"https:\/\/villageiguassu.com.br\/?s={search_term_string}\"},\"query-input\":{\"@type\":\"PropertyValueSpecification\",\"valueRequired\":true,\"valueName\":\"search_term_string\"}}],\"inLanguage\":\"es-ES\"},{\"@type\":\"Organization\",\"@id\":\"https:\/\/villageiguassu.com.br\/#organization\",\"name\":\"Condom\u00ednio Village Iguassu Golf Residence\",\"url\":\"https:\/\/villageiguassu.com.br\/\",\"logo\":{\"@type\":\"ImageObject\",\"inLanguage\":\"es-ES\",\"@id\":\"https:\/\/villageiguassu.com.br\/#\/schema\/logo\/image\/\",\"url\":\"https:\/\/villageiguassu.com.br\/wp-content\/uploads\/2020\/09\/rodape-1.jpg\",\"contentUrl\":\"https:\/\/villageiguassu.com.br\/wp-content\/uploads\/2020\/09\/rodape-1.jpg\",\"width\":1920,\"height\":1081,\"caption\":\"Condom\u00ednio Village Iguassu Golf Residence\"},\"image\":{\"@id\":\"https:\/\/villageiguassu.com.br\/#\/schema\/logo\/image\/\"}}]}<\/script>\n<!-- \/ Yoast SEO plugin. -->","yoast_head_json":{"title":"INVESTIMENTO - Village Iguassu","robots":{"index":"index","follow":"follow","max-snippet":"max-snippet:-1","max-image-preview":"max-image-preview:large","max-video-preview":"max-video-preview:-1"},"canonical":"https:\/\/villageiguassu.com.br\/es\/investimento\/","og_locale":"es_ES","og_type":"article","og_title":"INVESTIMENTO - Village Iguassu","og_description":"O porqu\u00ea de investir? O mercado imobili\u00e1rio \u00e9 considerado um segmento seguro e de bom retorno financeiro, por isso apresento abaixo um comparativo de investimento: INVESTIMENTO BASEADO EM CDI (certificado de dep\u00f3sito interbanc\u00e1rio) Data Inicial &#8211; 28\/11\/2016 \u00a0&#8211; \u00a0Data Final &#8211; 20\/05\/2021Valor Nominal &#8211; R$ 654.200,00Valor Corrigido na data final &#8211; R$ 851.193,75Rentabilidade &#8211; R$&hellip;","og_url":"https:\/\/villageiguassu.com.br\/es\/investimento\/","og_site_name":"Village Iguassu","article_modified_time":"2021-06-17T15:15:32+00:00","twitter_card":"summary_large_image","twitter_misc":{"Est. reading time":"1 minute"},"schema":{"@context":"https:\/\/schema.org","@graph":[{"@type":"WebPage","@id":"https:\/\/villageiguassu.com.br\/investimento\/","url":"https:\/\/villageiguassu.com.br\/investimento\/","name":"INVESTIMENTO - Village Iguassu","isPartOf":{"@id":"https:\/\/villageiguassu.com.br\/#website"},"datePublished":"2021-06-01T13:14:48+00:00","dateModified":"2021-06-17T15:15:32+00:00","breadcrumb":{"@id":"https:\/\/villageiguassu.com.br\/investimento\/#breadcrumb"},"inLanguage":"es-ES","potentialAction":[{"@type":"ReadAction","target":["https:\/\/villageiguassu.com.br\/investimento\/"]}]},{"@type":"BreadcrumbList","@id":"https:\/\/villageiguassu.com.br\/investimento\/#breadcrumb","itemListElement":[{"@type":"ListItem","position":1,"name":"In\u00edcio","item":"https:\/\/villageiguassu.com.br\/"},{"@type":"ListItem","position":2,"name":"INVESTIMENTO"}]},{"@type":"WebSite","@id":"https:\/\/villageiguassu.com.br\/#website","url":"https:\/\/villageiguassu.com.br\/","name":"Village Iguassu","description":"Golf Residence Foz do Iguassu","publisher":{"@id":"https:\/\/villageiguassu.com.br\/#organization"},"potentialAction":[{"@type":"SearchAction","target":{"@type":"EntryPoint","urlTemplate":"https:\/\/villageiguassu.com.br\/?s={search_term_string}"},"query-input":{"@type":"PropertyValueSpecification","valueRequired":true,"valueName":"search_term_string"}}],"inLanguage":"es-ES"},{"@type":"Organization","@id":"https:\/\/villageiguassu.com.br\/#organization","name":"Condom\u00ednio Village Iguassu Golf Residence","url":"https:\/\/villageiguassu.com.br\/","logo":{"@type":"ImageObject","inLanguage":"es-ES","@id":"https:\/\/villageiguassu.com.br\/#\/schema\/logo\/image\/","url":"https:\/\/villageiguassu.com.br\/wp-content\/uploads\/2020\/09\/rodape-1.jpg","contentUrl":"https:\/\/villageiguassu.com.br\/wp-content\/uploads\/2020\/09\/rodape-1.jpg","width":1920,"height":1081,"caption":"Condom\u00ednio Village Iguassu Golf Residence"},"image":{"@id":"https:\/\/villageiguassu.com.br\/#\/schema\/logo\/image\/"}}]}},"_links":{"self":[{"href":"https:\/\/villageiguassu.com.br\/es\/wp-json\/wp\/v2\/pages\/594","targetHints":{"allow":["GET"]}}],"collection":[{"href":"https:\/\/villageiguassu.com.br\/es\/wp-json\/wp\/v2\/pages"}],"about":[{"href":"https:\/\/villageiguassu.com.br\/es\/wp-json\/wp\/v2\/types\/page"}],"author":[{"embeddable":true,"href":"https:\/\/villageiguassu.com.br\/es\/wp-json\/wp\/v2\/users\/1"}],"replies":[{"embeddable":true,"href":"https:\/\/villageiguassu.com.br\/es\/wp-json\/wp\/v2\/comments?post=594"}],"version-history":[{"count":18,"href":"https:\/\/villageiguassu.com.br\/es\/wp-json\/wp\/v2\/pages\/594\/revisions"}],"predecessor-version":[{"id":652,"href":"https:\/\/villageiguassu.com.br\/es\/wp-json\/wp\/v2\/pages\/594\/revisions\/652"}],"wp:attachment":[{"href":"https:\/\/villageiguassu.com.br\/es\/wp-json\/wp\/v2\/media?parent=594"}],"curies":[{"name":"wp","href":"https:\/\/api.w.org\/{rel}","templated":true}]}}